{"id":2892,"date":"2020-06-16T22:43:08","date_gmt":"2020-06-16T20:43:08","guid":{"rendered":"https:\/\/aukrug-sien.com\/?page_id=2892"},"modified":"2020-06-17T20:00:38","modified_gmt":"2020-06-17T18:00:38","slug":"membership-join","status":"publish","type":"page","link":"https:\/\/aukrug-sien.com\/?page_id=2892","title":{"rendered":"Join Us"},"content":{"rendered":"<p style=\"color: red; font-weight: bold;\">Der passwortgesch\u00fctzte Bereich ist nur f\u00fcr Vorstandsmitglieder zug\u00e4nglich.<\/p>\n<p><span style=\"color: #008000;\"><strong>Um sich \u00fcber die Projekte zu informieren, ist keine Registrierung notwendig.<\/strong><\/span><\/p>\n<p>Wenn Sie mehr \u00fcber unsere aktuellen Projekte erfahren m\u00f6chten, melden Sie sich gerne f\u00fcr unseren Newsletter an.<\/p>\n<p>Dieser erscheint in unregelm\u00e4ssigen Abst\u00e4nden, mit den neuesten Informationen rund um den Verein. Eine Abmeldung ist jederzeit m\u00f6glich.<\/p>\n<p style=\"border-bottom: 1px solid #ccc; padding-bottom: 10px; margin-bottom: 10px;\">\n","protected":false},"excerpt":{"rendered":"<p>Der passwortgesch\u00fctzte Bereich ist nur f\u00fcr Vorstandsmitglieder zug\u00e4nglich. Um sich \u00fcber die Projekte zu informieren, ist keine Registrierung notwendig. Wenn Sie mehr \u00fcber unsere aktuellen Projekte erfahren m\u00f6chten, melden Sie sich gerne f\u00fcr unseren Newsletter an. Dieser erscheint in unregelm\u00e4ssigen Abst\u00e4nden, mit den neuesten Informationen rund um den Verein. Eine&#8230;<\/p>\n<p> <a class=\"continue-reading-link\" href=\"https:\/\/aukrug-sien.com\/?page_id=2892\"><span>Weiterlesen&#8230;<\/span><i class=\"crycon-right-dir\"><\/i><\/a> <\/p>\n","protected":false},"author":1,"featured_media":0,"parent":0,"menu_order":0,"comment_status":"closed","ping_status":"closed","template":"","meta":{"footnotes":""},"class_list":["post-2892","page","type-page","status-publish","hentry"],"_links":{"self":[{"href":"https:\/\/aukrug-sien.com\/index.php?rest_route=\/wp\/v2\/pages\/2892","targetHints":{"allow":["GET"]}}],"collection":[{"href":"https:\/\/aukrug-sien.com\/index.php?rest_route=\/wp\/v2\/pages"}],"about":[{"href":"https:\/\/aukrug-sien.com\/index.php?rest_route=\/wp\/v2\/types\/page"}],"author":[{"embeddable":true,"href":"https:\/\/aukrug-sien.com\/index.php?rest_route=\/wp\/v2\/users\/1"}],"replies":[{"embeddable":true,"href":"https:\/\/aukrug-sien.com\/index.php?rest_route=%2Fwp%2Fv2%2Fcomments&post=2892"}],"version-history":[{"count":2,"href":"https:\/\/aukrug-sien.com\/index.php?rest_route=\/wp\/v2\/pages\/2892\/revisions"}],"predecessor-version":[{"id":2941,"href":"https:\/\/aukrug-sien.com\/index.php?rest_route=\/wp\/v2\/pages\/2892\/revisions\/2941"}],"wp:attachment":[{"href":"https:\/\/aukrug-sien.com\/index.php?rest_route=%2Fwp%2Fv2%2Fmedia&parent=2892"}],"curies":[{"name":"wp","href":"https:\/\/api.w.org\/{rel}","templated":true}]}}