{"id":3036,"date":"2020-06-20T21:39:43","date_gmt":"2020-06-20T19:39:43","guid":{"rendered":"https:\/\/aukrug-sien.com\/?page_id=3036"},"modified":"2020-06-20T21:39:45","modified_gmt":"2020-06-20T19:39:45","slug":"neuer-vorstand-plant-grosse-projekte-in-burkina-faso","status":"publish","type":"page","link":"https:\/\/aukrug-sien.com\/?page_id=3036","title":{"rendered":"Neuer Vorstand plant gro\u00dfe Projekte in Burkina Faso"},"content":{"rendered":"\n<figure class=\"wp-block-image size-large\"><a href=\"https:\/\/www.shz.de\" target=\"_blank\" rel=\"noopener noreferrer\"><img loading=\"lazy\" decoding=\"async\" width=\"455\" height=\"713\" src=\"https:\/\/aukrug-sien.com\/wp-content\/uploads\/2020\/06\/LZ-09.04.2020.jpg\" alt=\"\" class=\"wp-image-3035\" srcset=\"https:\/\/aukrug-sien.com\/wp-content\/uploads\/2020\/06\/LZ-09.04.2020.jpg 455w, https:\/\/aukrug-sien.com\/wp-content\/uploads\/2020\/06\/LZ-09.04.2020-191x300.jpg 191w, https:\/\/aukrug-sien.com\/wp-content\/uploads\/2020\/06\/LZ-09.04.2020-96x150.jpg 96w, https:\/\/aukrug-sien.com\/wp-content\/uploads\/2020\/06\/LZ-09.04.2020-179x280.jpg 179w\" sizes=\"auto, (max-width: 455px) 100vw, 455px\" \/><\/a><figcaption>Landeszeitung vom 09.10.2020 &#8211; www.shz.de<\/figcaption><\/figure>\n\n\n\n<p><\/p>\n\n\n\n<p>\u201ePartnerschaft Aukrug-Sien\u201c: Krankenhaus soll um zwei Geb\u00e4ude erweitert werden<\/p>\n\n\n\n<p>Von Hans-J\u00fcrgen K\u00fchl <\/p>\n\n\n\n<p>AUKRUG Die Erweiterung der 2016 eingeweihten Krankenstation ist das erste Projekt, das der neuformierte Vorstand des Vereins \u201ePartnerschaft Aukrug-Sien\u201c in die Tat umsetzen will. Zwei zus\u00e4tzliche Geb\u00e4ude stehen auf der Wunschliste von Aukrugs Partnergemeinde Sien (Burkina Faso): eine Wohnung f\u00fcr einen weiteren Pfleger sowie ein Lagerraum f\u00fcr Medikamente. Die Kosten werden auf 32.500 Euro gesch\u00e4tzt. Wie bei allen bisherigen Gro\u00dfprojekten, hofft man beim Partnerschaftsverein auch diesmal wieder auf Zusch\u00fcsse vom Bundesministerium f\u00fcr wirtschaftliche Zusammenarbeit und Entwicklung.<\/p>\n\n\n\n<p>Die Expertin f\u00fcr F\u00f6rderantr\u00e4ge im Vereinsvorstand hei\u00dft Ina K\u00f6hler. Weil sie wegen ihrer Spezialkenntnisse in Sachen F\u00f6rdermittelakquirierung absolut unverzichtbar f\u00fcr die Vereinsarbeit ist, wurde sie bei den j\u00fcngsten Vorstandswahlen auch unverz\u00fcglich in ihrem Amt best\u00e4tigt. Ansonsten hat das Leitungsgremium des Partnerschaftsvereins ein v\u00f6llig neues Gesicht bekommen. Zur neuen Vorsitzenden wurde Hella Kohlmeyer gew\u00e4hlt. Die ehemalige Schulleiterin von Bargstedt, die derzeit als F\u00f6rderschullehrerin in Nortorf t\u00e4tig ist, tritt in die Fu\u00dfstapfen von Reimer Reimers an, der seinen Chefposten nach 26 Jahren, einem Monat und sechs Tagen abgab. Hella Kohlmeyer hat von 2012 bis 2013 ein Sabbatjahr in Sien verbracht. Darum ist sie f\u00fcr Reimer Reimers auch die \u201eideale Besetzung\u201c f\u00fcr seine Nachfolge: \u201eSie ist die perfekte Vorsitzende f\u00fcr unseren Verein, denn sie ist ein Jahr lang in Sien gewesen, und sie w\u00fcrde am liebsten dort wohnen und ganz da bleiben.\u201c<\/p>\n\n\n\n<p>Zum neuen stellvertretenden Vorsitzenden wurde Gemeindevertreter Johannes Carstens gew\u00e4hlt, der beim gemeindlichen Ausschuss f\u00fcr Wirtschaft und Umwelt den Vorsitz innehat. Den Posten des Kassenwarts \u00fcbernahm Peter Marsch. Zu Beisitzern wurden Imke Reimers, Marco Pahlke und Peter Kulas ernannt.<\/p>\n\n\n\n<p>Was der Partnerschaftsverein in der \u00c4ra Reimer Reimers geleistet hat, sei \u201eeinmalig\u201c, befand der Landtagsabgeordnete Hauke G\u00f6ttsch bei der Mitgliederversammlung. Ende 1997 reiste eine siebenk\u00f6pfige Delegation aus Aukrug nach Westafrika, um in Sien den offiziellen kommunalen Partnerschaftsvertrag zu unterzeichnen. Eine weitere feierliche Zeremonie, f\u00fcr die Reimers und seine Mitstreiter gern die 5000-Kilometer-Reise nach Burkina Faso auf sich nahmen, war die Einweihung des neuen Staudamms von Sien am 26. Dezember 2005. Das Bauwerk begrenzt ein Regenwasserr\u00fcckhaltebecken, das seither das Mikroklima der ganzen Region positiv beeinflusst und die Ern\u00e4hrungssituation substanziell verbessert hat. 2008 nahm der Partnerschaftsverein ein weiteres Gro\u00dfprojekt in Angriff: die Erweiterung der Grundschule von Sien um je drei Klassenr\u00e4ume und Lehrerwohnungen. 2015 fiel der Startschuss f\u00fcr den Bau einer Kranken- und Entbindungsstation, deren Einweihung im August 2016 wieder mit G\u00e4sten aus Aukrug gefeiert wurde.<\/p>\n\n\n\n<p>Am 11. Dezember 2018 bekam Reimer Reimers von Ministerpr\u00e4sidenten Daniel G\u00fcnther das Bundesverdienstkreuz verliehen. Als der Verein \u201ePartnerschaft Aukrug-Sien\u201c am 7. September 2019 sein 25-j\u00e4hriges Bestehen feierte, gab es viel Lob vom burkinischen Botschaftsrat Isidore Taro und vom Bundestagsabgeordneten Johann Wadephul.<\/p>\n","protected":false},"excerpt":{"rendered":"<p>\u201ePartnerschaft Aukrug-Sien\u201c: Krankenhaus soll um zwei Geb\u00e4ude erweitert werden Von Hans-J\u00fcrgen K\u00fchl AUKRUG Die Erweiterung der 2016 eingeweihten Krankenstation ist das erste Projekt, das der neuformierte Vorstand des Vereins \u201ePartnerschaft Aukrug-Sien\u201c in die Tat umsetzen will. Zwei zus\u00e4tzliche Geb\u00e4ude stehen auf der Wunschliste von Aukrugs Partnergemeinde Sien (Burkina Faso): eine&#8230;<\/p>\n<p> <a class=\"continue-reading-link\" href=\"https:\/\/aukrug-sien.com\/?page_id=3036\"><span>Weiterlesen&#8230;<\/span><i class=\"crycon-right-dir\"><\/i><\/a> <\/p>\n","protected":false},"author":1,"featured_media":0,"parent":0,"menu_order":0,"comment_status":"closed","ping_status":"closed","template":"","meta":{"footnotes":""},"class_list":["post-3036","page","type-page","status-publish","hentry"],"_links":{"self":[{"href":"https:\/\/aukrug-sien.com\/index.php?rest_route=\/wp\/v2\/pages\/3036","targetHints":{"allow":["GET"]}}],"collection":[{"href":"https:\/\/aukrug-sien.com\/index.php?rest_route=\/wp\/v2\/pages"}],"about":[{"href":"https:\/\/aukrug-sien.com\/index.php?rest_route=\/wp\/v2\/types\/page"}],"author":[{"embeddable":true,"href":"https:\/\/aukrug-sien.com\/index.php?rest_route=\/wp\/v2\/users\/1"}],"replies":[{"embeddable":true,"href":"https:\/\/aukrug-sien.com\/index.php?rest_route=%2Fwp%2Fv2%2Fcomments&post=3036"}],"version-history":[{"count":1,"href":"https:\/\/aukrug-sien.com\/index.php?rest_route=\/wp\/v2\/pages\/3036\/revisions"}],"predecessor-version":[{"id":3037,"href":"https:\/\/aukrug-sien.com\/index.php?rest_route=\/wp\/v2\/pages\/3036\/revisions\/3037"}],"wp:attachment":[{"href":"https:\/\/aukrug-sien.com\/index.php?rest_route=%2Fwp%2Fv2%2Fmedia&parent=3036"}],"curies":[{"name":"wp","href":"https:\/\/api.w.org\/{rel}","templated":true}]}}