{"id":973,"date":"2014-04-22T14:51:11","date_gmt":"2014-04-22T12:51:11","guid":{"rendered":"http:\/\/aukrug-sien.com\/?page_id=973"},"modified":"2014-05-04T23:37:02","modified_gmt":"2014-05-04T21:37:02","slug":"einrichtungen-in-sien","status":"publish","type":"page","link":"https:\/\/aukrug-sien.com\/?page_id=973","title":{"rendered":"Einrichtungen in Sien"},"content":{"rendered":"<p>Hier nun zum besseren Verst\u00e4ndnis, ein paar Worte \u00fcber die internen Strukturen in Sien.<\/p>\n<p><strong>ADESI<\/strong> &#8211; Association pour le\u00a0<span id=\"result_box\" lang=\"fr\"><span class=\"hps\">d\u00e9veloppement<\/span> <\/span> du village de Sien (Gesellschaft f\u00fcr die Entwicklung des Dorfes von Sien)<\/p>\n<p>Die Idee der Vereinigung geht historisch gesehen in die 70er Jahre zur\u00fcck. 1981 wurde die Dorfgemeinschaft von Sien (CVS) gegr\u00fcndet. Erst 1993 wurde aus der CVS die &#8222;Gesellschaft f\u00fcr die Entwicklung des Dorfes von Sien&#8220;, kurz ADESI.<\/p>\n<p>ADESI ist die treibende Kraft aller Aktivit\u00e4ten bez\u00fcglich der Entwicklung von Sien. Die Vereinigung, deren Mitglieder sich zielstrebig f\u00fcr die Entwicklung des Dorfes einsetzen, werden von Menschen aus dem Dorf Sien unterst\u00fctzt, die in anderen Orten beruflich Erfolg hatten und sich nun in diesen Orten in &#8222;ADESI-Zweigstellenvereinen&#8220; als &#8222;Br\u00fcder und Schwestern&#8220; f\u00fcr ihr Heimatdorf einsetzen.<\/p>\n<p>Der erste Pr\u00e4sident der ADESI war SOW Lawankil<span id=\"result_box\" lang=\"fr\"><span class=\"hps\">\u00e9<\/span><\/span>a Gr<span id=\"result_box\" lang=\"fr\"><span class=\"hps\">\u00e9<\/span><\/span>goire von 1991 bis 1997.<\/p>\n<p><strong>CLJS<\/strong> &#8211; Comit<span id=\"result_box\" lang=\"fr\"><span class=\"hps\">\u00e9<\/span><\/span> Local de Jumelage de Sien (Lokales Komitee der Sien-Partnerschaft)<\/p>\n<p>Das CLJS ist das Gegenst\u00fcck unseres Vereines in Sien und wurde am 28. Dezember 1997 gegr\u00fcndet. Das Komitee hat sich zur Aufgabe gemacht, der Freundschaft, die die Gemeinde Aukrug mit der Gemeinde Sien verbindet, ein Gesicht zu geben. Die CLJS ist vollst\u00e4ndig in die ADESI integriert und wird wie jede andere Organisation, auf Basis von Regeln und Statuten geleitet. Das Komitee sichert die F\u00f6rderung der Weiterentwicklung, indem es zur wirtschaftlichen, sozialen und kulturellen Entwicklung beitr\u00e4gt.<\/p>\n","protected":false},"excerpt":{"rendered":"<p>Hier nun zum besseren Verst\u00e4ndnis, ein paar Worte \u00fcber die internen Strukturen in Sien. ADESI &#8211; Association pour le\u00a0d\u00e9veloppement du village de Sien (Gesellschaft f\u00fcr die Entwicklung des Dorfes von Sien) Die Idee der Vereinigung geht historisch gesehen in die 70er Jahre zur\u00fcck. 1981 wurde die Dorfgemeinschaft von Sien (CVS)&#8230;<\/p>\n<p> <a class=\"continue-reading-link\" href=\"https:\/\/aukrug-sien.com\/?page_id=973\"><span>Weiterlesen&#8230;<\/span><i class=\"crycon-right-dir\"><\/i><\/a> <\/p>\n","protected":false},"author":1,"featured_media":0,"parent":0,"menu_order":0,"comment_status":"closed","ping_status":"closed","template":"","meta":{"footnotes":""},"class_list":["post-973","page","type-page","status-publish","hentry"],"_links":{"self":[{"href":"https:\/\/aukrug-sien.com\/index.php?rest_route=\/wp\/v2\/pages\/973","targetHints":{"allow":["GET"]}}],"collection":[{"href":"https:\/\/aukrug-sien.com\/index.php?rest_route=\/wp\/v2\/pages"}],"about":[{"href":"https:\/\/aukrug-sien.com\/index.php?rest_route=\/wp\/v2\/types\/page"}],"author":[{"embeddable":true,"href":"https:\/\/aukrug-sien.com\/index.php?rest_route=\/wp\/v2\/users\/1"}],"replies":[{"embeddable":true,"href":"https:\/\/aukrug-sien.com\/index.php?rest_route=%2Fwp%2Fv2%2Fcomments&post=973"}],"version-history":[{"count":0,"href":"https:\/\/aukrug-sien.com\/index.php?rest_route=\/wp\/v2\/pages\/973\/revisions"}],"wp:attachment":[{"href":"https:\/\/aukrug-sien.com\/index.php?rest_route=%2Fwp%2Fv2%2Fmedia&parent=973"}],"curies":[{"name":"wp","href":"https:\/\/api.w.org\/{rel}","templated":true}]}}