{"id":980,"date":"2014-04-22T17:08:28","date_gmt":"2014-04-22T15:08:28","guid":{"rendered":"http:\/\/aukrug-sien.com\/?page_id=980"},"modified":"2014-05-04T23:37:51","modified_gmt":"2014-05-04T21:37:51","slug":"das-landwirtschaftliche-jahr-in-sien","status":"publish","type":"page","link":"https:\/\/aukrug-sien.com\/?page_id=980","title":{"rendered":"Das &#8222;landwirtschaftliche&#8220; Jahr in Sien"},"content":{"rendered":"<p>In Sien gibt es nur 2 Jahreszeiten. Die Winter-, oder auch Regenzeit, sowie die Trockenzeit. Wenn die Bewohner von einem neuen Jahr sprechen, beziehen sie sich dabei auf den landwirtschaftlichen Kalender. Das Ende der Ernten markiert den Beginn eines neuen Jahres.<\/p>\n<p><strong>Oktober &#8211; Mitte Dezember<\/strong><\/p>\n<p>Zeit der Ernten. Schon im Laufe des Oktobers werden die ersten Felder f\u00fcr das n\u00e4chste Jahr vorbereitet<\/p>\n<p><strong>Mitte Dezember<\/strong><\/p>\n<p>Beginn der Trockenzeit. Die Bauern beenden die Ernte.<\/p>\n<p><strong>April &#8211; Mai<\/strong><\/p>\n<p>Die Urbarmachung der Felder beginnt. Sie werden f\u00fcr die kommende Aussaat vorbereitet. Der Busch wird gerodet.<\/p>\n<p><strong>Juni &#8211; Mitte Juli<\/strong><\/p>\n<p>Die Aussaat beginnt. Bis Mitte Juli m\u00fcssen alle Busch- und Hirsefelder ausges\u00e4t sein. Die Saat keimt nach und nach. Ab diesem Zeitpunkt m\u00fcssen die Bauern die Aktivit\u00e4ten der Viehzucht mit denen der Landwirtschaft unter einen Hut bringen.<\/p>\n<p><strong>\u00a0Mitte Juli &#8211; Ende Juli<\/strong><\/p>\n<p>Es ist immer noch die Anfangsphase des Kultivierens nach der Aussaat. Besonders dort, wo die Saat nicht ausgetrieben hat, setzen die Bauern ihre Bem\u00fchungen fort.<\/p>\n<p><strong>Ende Juli &#8211; Mitte August<\/strong><\/p>\n<p>Das Ende der Aussaat.<\/p>\n<p><strong>Mitte August &#8211; September<\/strong><\/p>\n<p>Eine neue Phase der Feldbestellung beginnt. Die Felder m\u00fcssen \u00fcberpfl\u00fcgt werden und die l\u00e4nger gewordenen Halme der Hirse m\u00fcssen wieder mit Erde bedeckt werden, damit sie f\u00fcr die Ernte gute \u00c4hren ausbilden k\u00f6nnen.<\/p>\n<p><strong>September &#8211; Oktober<\/strong><\/p>\n<p>Zeit der Reifung der \u00c4hren. Besonders die Hirse bedarf in dieser Zeit einer konstanten \u00dcberwachung, um sie vor r\u00e4uberischen Tieren, wie Affen oder V\u00f6geln zu sch\u00fctzen.<\/p>\n<p><strong>Jahreszyklus<\/strong><\/p>\n<p>\u00dcber die landwirtschaftlichen T\u00e4tigkeiten hinaus, umfasst der Jahreszyklus des Dorfes Zeiten gro\u00dfer Feste. Neben den Feiertagen, die auch wir kennen, wie Weihnachten und Ostern, gibt es in Sien eine Reihe weiterer Feste, wie z.B. dem &#8222;Fest der neuen Hirse&#8220;.<\/p>\n<p>Was Beginn und Ende angeht,\u00a0 ist der Jahreszeiten-Zyklus religi\u00f6sen und rituellen Festen unterworfen.<\/p>\n<p>&nbsp;<\/p>\n","protected":false},"excerpt":{"rendered":"<p>In Sien gibt es nur 2 Jahreszeiten. Die Winter-, oder auch Regenzeit, sowie die Trockenzeit. Wenn die Bewohner von einem neuen Jahr sprechen, beziehen sie sich dabei auf den landwirtschaftlichen Kalender. Das Ende der Ernten markiert den Beginn eines neuen Jahres. Oktober &#8211; Mitte Dezember Zeit der Ernten. Schon im&#8230;<\/p>\n<p> <a class=\"continue-reading-link\" href=\"https:\/\/aukrug-sien.com\/?page_id=980\"><span>Weiterlesen&#8230;<\/span><i class=\"crycon-right-dir\"><\/i><\/a> <\/p>\n","protected":false},"author":1,"featured_media":0,"parent":0,"menu_order":0,"comment_status":"closed","ping_status":"closed","template":"","meta":{"footnotes":""},"class_list":["post-980","page","type-page","status-publish","hentry"],"_links":{"self":[{"href":"https:\/\/aukrug-sien.com\/index.php?rest_route=\/wp\/v2\/pages\/980","targetHints":{"allow":["GET"]}}],"collection":[{"href":"https:\/\/aukrug-sien.com\/index.php?rest_route=\/wp\/v2\/pages"}],"about":[{"href":"https:\/\/aukrug-sien.com\/index.php?rest_route=\/wp\/v2\/types\/page"}],"author":[{"embeddable":true,"href":"https:\/\/aukrug-sien.com\/index.php?rest_route=\/wp\/v2\/users\/1"}],"replies":[{"embeddable":true,"href":"https:\/\/aukrug-sien.com\/index.php?rest_route=%2Fwp%2Fv2%2Fcomments&post=980"}],"version-history":[{"count":0,"href":"https:\/\/aukrug-sien.com\/index.php?rest_route=\/wp\/v2\/pages\/980\/revisions"}],"wp:attachment":[{"href":"https:\/\/aukrug-sien.com\/index.php?rest_route=%2Fwp%2Fv2%2Fmedia&parent=980"}],"curies":[{"name":"wp","href":"https:\/\/api.w.org\/{rel}","templated":true}]}}